{"id":21,"date":"2020-12-08T03:53:12","date_gmt":"2020-12-08T03:53:12","guid":{"rendered":"https:\/\/gaviaspreview.com\/wp\/paroti\/?page_id=21"},"modified":"2026-01-27T21:22:28","modified_gmt":"2026-01-27T20:22:28","slug":"about","status":"publish","type":"page","link":"https:\/\/ccl-ky.org\/en\/about\/","title":{"rendered":"\u00c0 propos"},"content":{"rendered":"<div data-elementor-type=\"wp-page\" data-elementor-id=\"21\" class=\"elementor elementor-21\">\n\t\t\t\t\t\t<section class=\"elementor-section elementor-top-section elementor-element elementor-element-a2abf68 elementor-section-boxed elementor-section-height-default elementor-section-height-default\" data-id=\"a2abf68\" data-element_type=\"section\" data-settings=\"{&quot;background_background&quot;:&quot;slideshow&quot;,&quot;background_slideshow_gallery&quot;:[{&quot;id&quot;:1687,&quot;url&quot;:&quot;https:\\\/\\\/ccl-ky.org\\\/wp-content\\\/uploads\\\/2026\\\/01\\\/Banniere-2-CCLKY-.jpg&quot;},{&quot;id&quot;:1895,&quot;url&quot;:&quot;https:\\\/\\\/ccl-ky.org\\\/wp-content\\\/uploads\\\/2026\\\/01\\\/Banniere-2-CCLKY-2.jpg&quot;}],&quot;background_slideshow_ken_burns&quot;:&quot;yes&quot;,&quot;background_slideshow_loop&quot;:&quot;yes&quot;,&quot;background_slideshow_slide_duration&quot;:5000,&quot;background_slideshow_slide_transition&quot;:&quot;fade&quot;,&quot;background_slideshow_transition_duration&quot;:500,&quot;background_slideshow_ken_burns_zoom_direction&quot;:&quot;in&quot;}\">\n\t\t\t\t\t\t<div class=\"elementor-container elementor-column-gap-default\">\n\t\t\t\t\t<div class=\"elementor-column elementor-col-100 elementor-top-column elementor-element elementor-element-7260d10\" data-id=\"7260d10\" data-element_type=\"column\">\n\t\t\t<div class=\"elementor-widget-wrap elementor-element-populated\">\n\t\t\t\t\t\t<div class=\"elementor-element elementor-element-3f38b9d elementor-widget elementor-widget-gva-heading-block\" data-id=\"3f38b9d\" data-element_type=\"widget\" data-widget_type=\"gva-heading-block.default\">\n\t\t\t\t<div class=\"elementor-widget-container\">\n\t\t\t\t\t<div class=\"gva-element-gva-heading-block gva-element\">   <div class=\"align-left style-1 widget gsc-heading box-align-left auto-responsive\">\r\n      <div class=\"content-inner\">\r\n         \r\n                  \r\n           \r\n         \r\n                     <h2 class=\"title\">\r\n               <span>A propos de CCLKY<\/span>\r\n            <\/h2>\r\n                  \r\n         \r\n         \r\n      <\/div>\r\n   <\/div>\r\n<\/div>\t\t\t\t<\/div>\n\t\t\t\t<\/div>\n\t\t\t\t\t<\/div>\n\t\t<\/div>\n\t\t\t\t\t<\/div>\n\t\t<\/section>\n\t\t\t\t<section class=\"elementor-section elementor-top-section elementor-element elementor-element-2e7124d elementor-section-boxed elementor-section-height-default elementor-section-height-default\" data-id=\"2e7124d\" data-element_type=\"section\">\n\t\t\t\t\t\t<div class=\"elementor-container elementor-column-gap-default\">\n\t\t\t\t\t<div class=\"elementor-column elementor-col-100 elementor-top-column elementor-element elementor-element-f2f08b9\" data-id=\"f2f08b9\" data-element_type=\"column\">\n\t\t\t<div class=\"elementor-widget-wrap elementor-element-populated\">\n\t\t\t\t\t\t<div class=\"elementor-element elementor-element-59961db elementor-widget elementor-widget-spacer\" data-id=\"59961db\" data-element_type=\"widget\" data-widget_type=\"spacer.default\">\n\t\t\t\t<div class=\"elementor-widget-container\">\n\t\t\t\t\t\t\t<div class=\"elementor-spacer\">\n\t\t\t<div class=\"elementor-spacer-inner\"><\/div>\n\t\t<\/div>\n\t\t\t\t\t\t<\/div>\n\t\t\t\t<\/div>\n\t\t\t\t\t<\/div>\n\t\t<\/div>\n\t\t\t\t\t<\/div>\n\t\t<\/section>\n\t\t\t\t<section class=\"elementor-section elementor-top-section elementor-element elementor-element-b9d6bfb elementor-section-boxed elementor-section-height-default elementor-section-height-default\" data-id=\"b9d6bfb\" data-element_type=\"section\">\n\t\t\t\t\t\t<div class=\"elementor-container elementor-column-gap-default\">\n\t\t\t\t\t<div class=\"elementor-column elementor-col-100 elementor-top-column elementor-element elementor-element-73e38d2\" data-id=\"73e38d2\" data-element_type=\"column\">\n\t\t\t<div class=\"elementor-widget-wrap elementor-element-populated\">\n\t\t\t\t\t\t<div class=\"elementor-element elementor-element-52f9fb3 elementor-widget elementor-widget-heading\" data-id=\"52f9fb3\" data-element_type=\"widget\" data-widget_type=\"heading.default\">\n\t\t\t\t<div class=\"elementor-widget-container\">\n\t\t\t\t\t<h1 class=\"elementor-heading-title elementor-size-default\">Qui sommes\u2013nous?<\/h1>\t\t\t\t<\/div>\n\t\t\t\t<\/div>\n\t\t\t\t\t<\/div>\n\t\t<\/div>\n\t\t\t\t\t<\/div>\n\t\t<\/section>\n\t\t\t\t<section class=\"elementor-section elementor-top-section elementor-element elementor-element-e21a1d8 elementor-section-boxed elementor-section-height-default elementor-section-height-default\" data-id=\"e21a1d8\" data-element_type=\"section\">\n\t\t\t\t\t\t<div class=\"elementor-container elementor-column-gap-default\">\n\t\t\t\t\t<div class=\"elementor-column elementor-col-100 elementor-top-column elementor-element elementor-element-92d3644\" data-id=\"92d3644\" data-element_type=\"column\">\n\t\t\t<div class=\"elementor-widget-wrap elementor-element-populated\">\n\t\t\t\t\t\t<div class=\"elementor-element elementor-element-46b6806 elementor-widget elementor-widget-spacer\" data-id=\"46b6806\" data-element_type=\"widget\" data-widget_type=\"spacer.default\">\n\t\t\t\t<div class=\"elementor-widget-container\">\n\t\t\t\t\t\t\t<div class=\"elementor-spacer\">\n\t\t\t<div class=\"elementor-spacer-inner\"><\/div>\n\t\t<\/div>\n\t\t\t\t\t\t<\/div>\n\t\t\t\t<\/div>\n\t\t\t\t\t<\/div>\n\t\t<\/div>\n\t\t\t\t\t<\/div>\n\t\t<\/section>\n\t\t\t\t<section class=\"elementor-section elementor-top-section elementor-element elementor-element-0ee87b7 elementor-section-boxed elementor-section-height-default elementor-section-height-default\" data-id=\"0ee87b7\" data-element_type=\"section\">\n\t\t\t\t\t\t<div class=\"elementor-container elementor-column-gap-default\">\n\t\t\t\t\t<div class=\"elementor-column elementor-col-25 elementor-top-column elementor-element elementor-element-987b6ba\" data-id=\"987b6ba\" data-element_type=\"column\">\n\t\t\t<div class=\"elementor-widget-wrap elementor-element-populated\">\n\t\t\t\t\t\t<div class=\"elementor-element elementor-element-512b3c1 elementor-widget elementor-widget-image\" data-id=\"512b3c1\" data-element_type=\"widget\" data-widget_type=\"image.default\">\n\t\t\t\t<div class=\"elementor-widget-container\">\n\t\t\t\t\t\t\t\t\t\t\t\t\t\t\t<img fetchpriority=\"high\" decoding=\"async\" width=\"900\" height=\"900\" src=\"https:\/\/ccl-ky.org\/wp-content\/uploads\/2026\/01\/CCL-KY-LOGOa-1024x1024.png\" class=\"attachment-large size-large wp-image-1627\" alt=\"\" srcset=\"https:\/\/ccl-ky.org\/wp-content\/uploads\/2026\/01\/CCL-KY-LOGOa-1024x1024.png 1024w, https:\/\/ccl-ky.org\/wp-content\/uploads\/2026\/01\/CCL-KY-LOGOa-300x300.png 300w, https:\/\/ccl-ky.org\/wp-content\/uploads\/2026\/01\/CCL-KY-LOGOa-180x180.png 180w, https:\/\/ccl-ky.org\/wp-content\/uploads\/2026\/01\/CCL-KY-LOGOa-600x600.png 600w, https:\/\/ccl-ky.org\/wp-content\/uploads\/2026\/01\/CCL-KY-LOGOa-175x175.png 175w, https:\/\/ccl-ky.org\/wp-content\/uploads\/2026\/01\/CCL-KY-LOGOa-768x768.png 768w, https:\/\/ccl-ky.org\/wp-content\/uploads\/2026\/01\/CCL-KY-LOGOa.png 1599w\" sizes=\"(max-width: 900px) 100vw, 900px\" \/>\t\t\t\t\t\t\t\t\t\t\t\t\t\t\t<\/div>\n\t\t\t\t<\/div>\n\t\t\t\t<div class=\"elementor-element elementor-element-0857686 elementor-widget elementor-widget-text-editor\" data-id=\"0857686\" data-element_type=\"widget\" data-widget_type=\"text-editor.default\">\n\t\t\t\t<div class=\"elementor-widget-container\">\n\t\t\t\t\t\t\t\t\t<p>Il est cr\u00e9\u00e9 \u00e0 Louisville, KY conform\u00e9ment aux lois en vigueur aux Etats-Unis, une association d\u00e9nomm\u00e9e <strong>Communaut\u00e9 Congolaise de Louisville, Kentucky<\/strong>, en sigle <strong>CCL, KY<\/strong>. Elle est apolitique et sans but lucratif.<\/p>\t\t\t\t\t\t\t\t<\/div>\n\t\t\t\t<\/div>\n\t\t\t\t\t<\/div>\n\t\t<\/div>\n\t\t\t\t<div class=\"elementor-column elementor-col-50 elementor-top-column elementor-element elementor-element-0e30c6c\" data-id=\"0e30c6c\" data-element_type=\"column\">\n\t\t\t<div class=\"elementor-widget-wrap elementor-element-populated\">\n\t\t\t\t\t\t<div class=\"elementor-element elementor-element-a789a9f elementor-widget elementor-widget-text-editor\" data-id=\"a789a9f\" data-element_type=\"widget\" data-widget_type=\"text-editor.default\">\n\t\t\t\t<div class=\"elementor-widget-container\">\n\t\t\t\t\t\t\t\t\t<h2>Nos objectifs<\/h2><p>Les objectifs de l\u2019association <strong>Communaut\u00e9 Congolaise de Louisville, Kentucky <\/strong>sont\u00a0:<\/p><ul><li style=\"list-style-type: none;\"><ul><li>Cultiver, entretenir et promouvoir les bonnes relations fraternelles entre tous les membres de l\u2019association,\u00a0sans distinction d\u2019aucune nature\u00a0;<\/li><li>Assister moralement, mat\u00e9riellement et financi\u00e8rement ses membres en cas de r\u00e9jouissance et de malheur\u00a0suivants les dispositions reprises au R\u00e8glement d\u2019Ordre Int\u00e9rieur;<\/li><li>Entreprendre des projets sociaux, \u00e9conomiques et culturels dans l\u2019int\u00e9r\u00eat de ses membres en particulier et de leur milieu d\u2019existence en g\u00e9n\u00e9ral\u00a0;<\/li><li>Promouvoir la culture africaine en g\u00e9n\u00e9ral et la culture congolaise en particulier, de m\u00eame que l\u2019image de la RDC\u00a0;<\/li><li>Etendre la m\u00eame structure dans les autres villes des Etats-Unis.<\/li><\/ul><\/li><\/ul>\t\t\t\t\t\t\t\t<\/div>\n\t\t\t\t<\/div>\n\t\t\t\t\t<\/div>\n\t\t<\/div>\n\t\t\t\t<div class=\"elementor-column elementor-col-25 elementor-top-column elementor-element elementor-element-f3d519f\" data-id=\"f3d519f\" data-element_type=\"column\">\n\t\t\t<div class=\"elementor-widget-wrap elementor-element-populated\">\n\t\t\t\t\t\t<div class=\"elementor-element elementor-element-1c52f3a elementor-widget elementor-widget-text-editor\" data-id=\"1c52f3a\" data-element_type=\"widget\" data-widget_type=\"text-editor.default\">\n\t\t\t\t<div class=\"elementor-widget-container\">\n\t\t\t\t\t\t\t\t\t<h2>But principal<\/h2><p>Le but de l\u2019Association Communaut\u00e9 Congolaise de Louisville, Kentucky est, d\u2019une part, de consolider les liens de fraternit\u00e9 et la solidarit\u00e9 des Congolais et ou des personnes d\u2019origine ou de souche congolaise vivants aux Etats-Unis et de promouvoir l\u2019int\u00e9gration de chacun de ses membres dans la vie communautaire am\u00e9ricaine et, d\u2019autre part, de r\u00e9aliser des programmes et des projets \u00e0 caract\u00e8re social.<\/p>\t\t\t\t\t\t\t\t<\/div>\n\t\t\t\t<\/div>\n\t\t\t\t\t<\/div>\n\t\t<\/div>\n\t\t\t\t\t<\/div>\n\t\t<\/section>\n\t\t\t\t<section class=\"elementor-section elementor-top-section elementor-element elementor-element-19fa164 elementor-section-boxed elementor-section-height-default elementor-section-height-default\" data-id=\"19fa164\" data-element_type=\"section\" data-settings=\"{&quot;background_background&quot;:&quot;classic&quot;}\">\n\t\t\t\t\t\t<div class=\"elementor-container elementor-column-gap-default\">\n\t\t\t\t\t<div class=\"elementor-column elementor-col-100 elementor-top-column elementor-element elementor-element-426f663\" data-id=\"426f663\" data-element_type=\"column\">\n\t\t\t<div class=\"elementor-widget-wrap elementor-element-populated\">\n\t\t\t\t\t\t<div class=\"elementor-element elementor-element-284aeee elementor-widget elementor-widget-gva-heading-block\" data-id=\"284aeee\" data-element_type=\"widget\" data-widget_type=\"gva-heading-block.default\">\n\t\t\t\t<div class=\"elementor-widget-container\">\n\t\t\t\t\t<div class=\"gva-element-gva-heading-block gva-element\">   <div class=\"align-center style-1 widget gsc-heading box-align-center auto-responsive\">\r\n      <div class=\"content-inner\">\r\n         \r\n                  \r\n           \r\n         \r\n                     <h2 class=\"title\">\r\n               <span>Conseil d'administration<\/span>\r\n            <\/h2>\r\n                  \r\n         \r\n         \r\n      <\/div>\r\n   <\/div>\r\n<\/div>\t\t\t\t<\/div>\n\t\t\t\t<\/div>\n\t\t\t\t<div class=\"elementor-element elementor-element-78de4c2 elementor-widget elementor-widget-gva-team\" data-id=\"78de4c2\" data-element_type=\"widget\" data-widget_type=\"gva-team.default\">\n\t\t\t\t<div class=\"elementor-widget-container\">\n\t\t\t\t\t<div class=\"gva-element-gva-team gva-element\">\r\n<div class=\"swiper-slider-wrapper gsc-team layout-carousel\">\r\n   <div class=\"swiper-content-inner\">   \r\n      <div class=\"init-carousel-swiper swiper\" data-carousel=\"{&quot;items&quot;:3,&quot;items_lg&quot;:3,&quot;items_md&quot;:3,&quot;items_sm&quot;:2,&quot;items_xs&quot;:2,&quot;items_xx&quot;:1,&quot;effect&quot;:&quot;slide&quot;,&quot;space_between&quot;:30,&quot;loop&quot;:1,&quot;speed&quot;:600,&quot;autoplay&quot;:1,&quot;autoplay_delay&quot;:4500,&quot;autoplay_hover&quot;:1,&quot;navigation&quot;:1,&quot;pagination&quot;:0,&quot;dynamic_bullets&quot;:0,&quot;pagination_type&quot;:&quot;bullets&quot;}\">\r\n         <div class=\"swiper-wrapper\">\r\n                           <div class=\"swiper-slide\">\r\n                  \r\n\t<div class=\"gsc-team-item style-1 elementor-repeater-item-90a38fb\">\r\n\t\t\r\n\t\t<div class=\"team-content\">\r\n\t\t\t<div class=\"content-inner\">\r\n\t\t\t\t<h3 class=\"team-name\">Bienvenu <\/h3><div class=\"team-job\">President<\/div>\t\t\t<\/div>   \r\n\t\t<\/div>\r\n\r\n\t\t<div class=\"team-image\"><img decoding=\"async\" src=\"https:\/\/ccl-ky.org\/wp-content\/uploads\/2026\/01\/WhatsApp-Image-2026-01-25-at-6.03.36-AM.jpeg\" alt=\"\" \/><\/div>\t\r\n\t\t\r\n\t\t<div class=\"socials-team\">\r\n\t\t\t\t\t  <a href=\"#\">\r\n\t\t\t <i class=\"fa fa-facebook\"><\/i>\t\t  <\/a>\r\n\t\t  \t\t\t\t\t  <a href=\"#\">\r\n\t\t\t <i class=\"fa fa-twitter\"><\/i>\t\t  <\/a>\r\n\t\t  \t\t\t\t\t  <a href=\"#\">\r\n\t\t\t <i class=\"fa fa-instagram\"><\/i>\t\t  <\/a>\r\n\t\t  \t\t\t\t\t  <a href=\"#\">\r\n\t\t\t <i class=\"fa fa-pinterest\"><\/i>\t\t  <\/a>\r\n\t\t  \t\t<\/div>\r\n\r\n\t<\/div>\t\t\r\n\r\n               <\/div>\r\n                           <div class=\"swiper-slide\">\r\n                  \r\n\t<div class=\"gsc-team-item style-1 elementor-repeater-item-72c83bb\">\r\n\t\t\r\n\t\t<div class=\"team-content\">\r\n\t\t\t<div class=\"content-inner\">\r\n\t\t\t\t<h3 class=\"team-name\">Daddy<\/h3><div class=\"team-job\">Vice-President<\/div>\t\t\t<\/div>   \r\n\t\t<\/div>\r\n\r\n\t\t<div class=\"team-image\"><img decoding=\"async\" src=\"https:\/\/ccl-ky.org\/wp-content\/uploads\/2026\/01\/vice-e1769340173244.jpeg\" alt=\"\" \/><\/div>\t\r\n\t\t\r\n\t\t<div class=\"socials-team\">\r\n\t\t\t\t\t  <a href=\"#\">\r\n\t\t\t <i class=\"fa fa-facebook\"><\/i>\t\t  <\/a>\r\n\t\t  \t\t\t\t\t  <a href=\"#\">\r\n\t\t\t <i class=\"fa fa-twitter\"><\/i>\t\t  <\/a>\r\n\t\t  \t\t\t\t\t  <a href=\"#\">\r\n\t\t\t <i class=\"fa fa-instagram\"><\/i>\t\t  <\/a>\r\n\t\t  \t\t\t\t\t  <a href=\"#\">\r\n\t\t\t <i class=\"fa fa-pinterest\"><\/i>\t\t  <\/a>\r\n\t\t  \t\t<\/div>\r\n\r\n\t<\/div>\t\t\r\n\r\n               <\/div>\r\n                           <div class=\"swiper-slide\">\r\n                  \r\n\t<div class=\"gsc-team-item style-1 elementor-repeater-item-827e1da\">\r\n\t\t\r\n\t\t<div class=\"team-content\">\r\n\t\t\t<div class=\"content-inner\">\r\n\t\t\t\t<h3 class=\"team-name\">Blaise KIMUKEDI<\/h3><div class=\"team-job\">Commisaires<\/div>\t\t\t<\/div>   \r\n\t\t<\/div>\r\n\r\n\t\t<div class=\"team-image\"><img decoding=\"async\" src=\"https:\/\/ccl-ky.org\/wp-content\/uploads\/2026\/01\/p-Blaise.jpeg\" alt=\"\" \/><\/div>\t\r\n\t\t\r\n\t\t<div class=\"socials-team\">\r\n\t\t\t\t\t  <a href=\"#\">\r\n\t\t\t <i class=\"fa fa-facebook\"><\/i>\t\t  <\/a>\r\n\t\t  \t\t\t\t\t  <a href=\"#\">\r\n\t\t\t <i class=\"fa fa-twitter\"><\/i>\t\t  <\/a>\r\n\t\t  \t\t\t\t\t  <a href=\"#\">\r\n\t\t\t <i class=\"fa fa-instagram\"><\/i>\t\t  <\/a>\r\n\t\t  \t\t\t\t\t  <a href=\"#\">\r\n\t\t\t <i class=\"fa fa-pinterest\"><\/i>\t\t  <\/a>\r\n\t\t  \t\t<\/div>\r\n\r\n\t<\/div>\t\t\r\n\r\n               <\/div>\r\n                           <div class=\"swiper-slide\">\r\n                  \r\n\t<div class=\"gsc-team-item style-1 elementor-repeater-item-2985c07\">\r\n\t\t\r\n\t\t<div class=\"team-content\">\r\n\t\t\t<div class=\"content-inner\">\r\n\t\t\t\t<h3 class=\"team-name\">Odile KIMBENI<\/h3><div class=\"team-job\">Tr\u00e9sori\u00e8re Principale<\/div>\t\t\t<\/div>   \r\n\t\t<\/div>\r\n\r\n\t\t<div class=\"team-image\"><img decoding=\"async\" src=\"https:\/\/ccl-ky.org\/wp-content\/uploads\/2026\/01\/Tresoriere.jpeg\" alt=\"\" \/><\/div>\t\r\n\t\t\r\n\t\t<div class=\"socials-team\">\r\n\t\t\t\t\t  <a href=\"#\">\r\n\t\t\t <i class=\"fa fa-facebook\"><\/i>\t\t  <\/a>\r\n\t\t  \t\t\t\t\t  <a href=\"#\">\r\n\t\t\t <i class=\"fa fa-twitter\"><\/i>\t\t  <\/a>\r\n\t\t  \t\t\t\t\t  <a href=\"#\">\r\n\t\t\t <i class=\"fa fa-instagram\"><\/i>\t\t  <\/a>\r\n\t\t  \t\t\t\t\t  <a href=\"#\">\r\n\t\t\t <i class=\"fa fa-pinterest\"><\/i>\t\t  <\/a>\r\n\t\t  \t\t<\/div>\r\n\r\n\t<\/div>\t\t\r\n\r\n               <\/div>\r\n                     <\/div> \r\n      <\/div>\r\n   <\/div>   \r\n   <div class=\"swiper-pagination\"><\/div>   <div class=\"swiper-nav-next\"><\/div><div class=\"swiper-nav-prev\"><\/div><\/div>\r\n<\/div>\t\t\t\t<\/div>\n\t\t\t\t<\/div>\n\t\t\t\t\t<\/div>\n\t\t<\/div>\n\t\t\t\t\t<\/div>\n\t\t<\/section>\n\t\t\t\t<\/div>","protected":false},"excerpt":{"rendered":"<p>A propos de CCLKY Qui sommes\u2013nous? Il est cr\u00e9\u00e9 \u00e0 Louisville, KY conform\u00e9ment aux lois en vigueur aux Etats-Unis, une association d\u00e9nomm\u00e9e Communaut\u00e9 Congolaise de Louisville, Kentucky, en sigle CCL, [&hellip;]<\/p>","protected":false},"author":1,"featured_media":0,"parent":0,"menu_order":0,"comment_status":"closed","ping_status":"closed","template":"","meta":{"give_campaign_id":0,"footnotes":""},"class_list":["post-21","page","type-page","status-publish","hentry"],"campaignId":"","_links":{"self":[{"href":"https:\/\/ccl-ky.org\/en\/wp-json\/wp\/v2\/pages\/21","targetHints":{"allow":["GET"]}}],"collection":[{"href":"https:\/\/ccl-ky.org\/en\/wp-json\/wp\/v2\/pages"}],"about":[{"href":"https:\/\/ccl-ky.org\/en\/wp-json\/wp\/v2\/types\/page"}],"author":[{"embeddable":true,"href":"https:\/\/ccl-ky.org\/en\/wp-json\/wp\/v2\/users\/1"}],"replies":[{"embeddable":true,"href":"https:\/\/ccl-ky.org\/en\/wp-json\/wp\/v2\/comments?post=21"}],"version-history":[{"count":46,"href":"https:\/\/ccl-ky.org\/en\/wp-json\/wp\/v2\/pages\/21\/revisions"}],"predecessor-version":[{"id":2108,"href":"https:\/\/ccl-ky.org\/en\/wp-json\/wp\/v2\/pages\/21\/revisions\/2108"}],"wp:attachment":[{"href":"https:\/\/ccl-ky.org\/en\/wp-json\/wp\/v2\/media?parent=21"}],"curies":[{"name":"wp","href":"https:\/\/api.w.org\/{rel}","templated":true}]}}